{"id":2334,"date":"2021-12-21T10:51:42","date_gmt":"2021-12-21T09:51:42","guid":{"rendered":"https:\/\/frostx.pl\/produkt\/ella\/"},"modified":"2023-08-22T12:11:40","modified_gmt":"2023-08-22T10:11:40","slug":"ella","status":"publish","type":"product","link":"https:\/\/frostx.com\/lv\/produkts\/ella\/","title":{"rendered":"E\u013c\u013ca"},"content":{"rendered":"","protected":false},"excerpt":{"rendered":"<p>\u012apa\u0161a e\u013c\u013ca vakuums\u016bk\u0146a e\u013c\u013co\u0161anai. Nodro\u0161ina \u013coti labas e\u013c\u013co\u0161anas \u012bpa\u0161\u012bbas un pietiekamu siltuma izkliedi. Ja \u0161o e\u013c\u013cu regul\u0101ri maina, t\u0101 garant\u0113 ilgu tehnikas darb\u012bbu bez probl\u0113m\u0101m. Cena nor\u0101d\u012bta par 1 litru e\u013c\u013cas.<\/p>\n","protected":false},"featured_media":2335,"template":"","meta":{"_acf_changed":false},"product_brand":[],"product_cat":[99],"product_tag":[],"class_list":{"0":"post-2334","1":"product","2":"type-product","3":"status-publish","4":"has-post-thumbnail","6":"product_cat-piederumi","8":"first","9":"instock","10":"shipping-taxable","11":"purchasable","12":"product-type-simple"},"acf":[],"yoast_head":"<!-- This site is optimized with the Yoast SEO plugin v27.6 - https:\/\/yoast.com\/product\/yoast-seo-wordpress\/ -->\n<title>E\u013c\u013ca &euro;48,00 - FrostX<\/title>\n<meta name=\"robots\" content=\"index, follow, max-snippet:-1, max-image-preview:large, max-video-preview:-1\" \/>\n<link rel=\"canonical\" href=\"https:\/\/frostx.com\/lv\/produkts\/ella\/\" \/>\n<meta property=\"og:locale\" content=\"lv_LV\" \/>\n<meta property=\"og:type\" content=\"article\" \/>\n<meta property=\"og:title\" content=\"E\u013c\u013ca &euro;48,00 - FrostX\" \/>\n<meta property=\"og:description\" content=\"\u012apa\u0161a e\u013c\u013ca vakuums\u016bk\u0146a e\u013c\u013co\u0161anai. Nodro\u0161ina \u013coti labas e\u013c\u013co\u0161anas \u012bpa\u0161\u012bbas un pietiekamu siltuma izkliedi. Ja \u0161o e\u013c\u013cu regul\u0101ri maina, t\u0101 garant\u0113 ilgu tehnikas darb\u012bbu bez probl\u0113m\u0101m. Cena nor\u0101d\u012bta par 1 litru e\u013c\u013cas.\" \/>\n<meta property=\"og:url\" content=\"https:\/\/frostx.com\/lv\/produkts\/ella\/\" \/>\n<meta property=\"og:site_name\" content=\"FrostX\" \/>\n<meta property=\"article:modified_time\" content=\"2023-08-22T10:11:40+00:00\" \/>\n<meta property=\"og:image\" content=\"https:\/\/frostx.com\/wp-content\/uploads\/2021\/12\/DSC_3799-scaled-1.jpg\" \/>\n\t<meta property=\"og:image:width\" content=\"2560\" \/>\n\t<meta property=\"og:image:height\" content=\"2560\" \/>\n\t<meta property=\"og:image:type\" content=\"image\/jpeg\" \/>\n<meta name=\"twitter:card\" content=\"summary_large_image\" \/>\n<script type=\"application\/ld+json\" class=\"yoast-schema-graph\">{\"@context\":\"https:\\\/\\\/schema.org\",\"@graph\":[{\"@type\":\"WebPage\",\"@id\":\"https:\\\/\\\/frostx.com\\\/lv\\\/produkts\\\/ella\\\/\",\"url\":\"https:\\\/\\\/frostx.com\\\/lv\\\/produkts\\\/ella\\\/\",\"name\":\"E\u013c\u013ca &euro;48,00 - FrostX\",\"isPartOf\":{\"@id\":\"https:\\\/\\\/www.frostx.com\\\/es\\\/#website\"},\"primaryImageOfPage\":{\"@id\":\"https:\\\/\\\/frostx.com\\\/lv\\\/produkts\\\/ella\\\/#primaryimage\"},\"image\":{\"@id\":\"https:\\\/\\\/frostx.com\\\/lv\\\/produkts\\\/ella\\\/#primaryimage\"},\"thumbnailUrl\":\"https:\\\/\\\/frostx.com\\\/wp-content\\\/uploads\\\/2021\\\/12\\\/DSC_3799-scaled-1.jpg\",\"datePublished\":\"2021-12-21T09:51:42+00:00\",\"dateModified\":\"2023-08-22T10:11:40+00:00\",\"breadcrumb\":{\"@id\":\"https:\\\/\\\/frostx.com\\\/lv\\\/produkts\\\/ella\\\/#breadcrumb\"},\"inLanguage\":\"lv-LV\",\"potentialAction\":[{\"@type\":\"ReadAction\",\"target\":[\"https:\\\/\\\/frostx.com\\\/lv\\\/produkts\\\/ella\\\/\"]}]},{\"@type\":\"ImageObject\",\"inLanguage\":\"lv-LV\",\"@id\":\"https:\\\/\\\/frostx.com\\\/lv\\\/produkts\\\/ella\\\/#primaryimage\",\"url\":\"https:\\\/\\\/frostx.com\\\/wp-content\\\/uploads\\\/2021\\\/12\\\/DSC_3799-scaled-1.jpg\",\"contentUrl\":\"https:\\\/\\\/frostx.com\\\/wp-content\\\/uploads\\\/2021\\\/12\\\/DSC_3799-scaled-1.jpg\",\"width\":2560,\"height\":2560},{\"@type\":\"BreadcrumbList\",\"@id\":\"https:\\\/\\\/frostx.com\\\/lv\\\/produkts\\\/ella\\\/#breadcrumb\",\"itemListElement\":[{\"@type\":\"ListItem\",\"position\":1,\"name\":\"Strona g\u0142\u00f3wna\",\"item\":\"https:\\\/\\\/www.frostx.com\\\/lv\\\/\"},{\"@type\":\"ListItem\",\"position\":2,\"name\":\"Veikals\",\"item\":\"https:\\\/\\\/frostx.com\\\/lv\\\/veikals\\\/\"},{\"@type\":\"ListItem\",\"position\":3,\"name\":\"E\u013c\u013ca\"}]},{\"@type\":\"WebSite\",\"@id\":\"https:\\\/\\\/www.frostx.com\\\/es\\\/#website\",\"url\":\"https:\\\/\\\/www.frostx.com\\\/es\\\/\",\"name\":\"FrostX\",\"description\":\"\",\"publisher\":{\"@id\":\"https:\\\/\\\/www.frostx.com\\\/es\\\/#organization\"},\"potentialAction\":[{\"@type\":\"SearchAction\",\"target\":{\"@type\":\"EntryPoint\",\"urlTemplate\":\"https:\\\/\\\/www.frostx.com\\\/es\\\/?s={search_term_string}\"},\"query-input\":{\"@type\":\"PropertyValueSpecification\",\"valueRequired\":true,\"valueName\":\"search_term_string\"}}],\"inLanguage\":\"lv-LV\"},{\"@type\":\"Organization\",\"@id\":\"https:\\\/\\\/www.frostx.com\\\/es\\\/#organization\",\"name\":\"FrostX\",\"url\":\"https:\\\/\\\/www.frostx.com\\\/es\\\/\",\"logo\":{\"@type\":\"ImageObject\",\"inLanguage\":\"lv-LV\",\"@id\":\"https:\\\/\\\/www.frostx.com\\\/es\\\/#\\\/schema\\\/logo\\\/image\\\/\",\"url\":\"https:\\\/\\\/frostx.com\\\/wp-content\\\/uploads\\\/2022\\\/02\\\/logo.349e34c-1-1-3.svg\",\"contentUrl\":\"https:\\\/\\\/frostx.com\\\/wp-content\\\/uploads\\\/2022\\\/02\\\/logo.349e34c-1-1-3.svg\",\"width\":110,\"height\":140,\"caption\":\"FrostX\"},\"image\":{\"@id\":\"https:\\\/\\\/www.frostx.com\\\/es\\\/#\\\/schema\\\/logo\\\/image\\\/\"}}]}<\/script>\n<!-- \/ Yoast SEO plugin. -->","yoast_head_json":{"title":"E\u013c\u013ca &euro;48,00 - FrostX","robots":{"index":"index","follow":"follow","max-snippet":"max-snippet:-1","max-image-preview":"max-image-preview:large","max-video-preview":"max-video-preview:-1"},"canonical":"https:\/\/frostx.com\/lv\/produkts\/ella\/","og_locale":"lv_LV","og_type":"article","og_title":"E\u013c\u013ca &euro;48,00 - FrostX","og_description":"\u012apa\u0161a e\u013c\u013ca vakuums\u016bk\u0146a e\u013c\u013co\u0161anai. Nodro\u0161ina \u013coti labas e\u013c\u013co\u0161anas \u012bpa\u0161\u012bbas un pietiekamu siltuma izkliedi. Ja \u0161o e\u013c\u013cu regul\u0101ri maina, t\u0101 garant\u0113 ilgu tehnikas darb\u012bbu bez probl\u0113m\u0101m. Cena nor\u0101d\u012bta par 1 litru e\u013c\u013cas.","og_url":"https:\/\/frostx.com\/lv\/produkts\/ella\/","og_site_name":"FrostX","article_modified_time":"2023-08-22T10:11:40+00:00","og_image":[{"width":2560,"height":2560,"url":"https:\/\/frostx.com\/wp-content\/uploads\/2021\/12\/DSC_3799-scaled-1.jpg","type":"image\/jpeg"}],"twitter_card":"summary_large_image","schema":{"@context":"https:\/\/schema.org","@graph":[{"@type":"WebPage","@id":"https:\/\/frostx.com\/lv\/produkts\/ella\/","url":"https:\/\/frostx.com\/lv\/produkts\/ella\/","name":"E\u013c\u013ca &euro;48,00 - FrostX","isPartOf":{"@id":"https:\/\/www.frostx.com\/es\/#website"},"primaryImageOfPage":{"@id":"https:\/\/frostx.com\/lv\/produkts\/ella\/#primaryimage"},"image":{"@id":"https:\/\/frostx.com\/lv\/produkts\/ella\/#primaryimage"},"thumbnailUrl":"https:\/\/frostx.com\/wp-content\/uploads\/2021\/12\/DSC_3799-scaled-1.jpg","datePublished":"2021-12-21T09:51:42+00:00","dateModified":"2023-08-22T10:11:40+00:00","breadcrumb":{"@id":"https:\/\/frostx.com\/lv\/produkts\/ella\/#breadcrumb"},"inLanguage":"lv-LV","potentialAction":[{"@type":"ReadAction","target":["https:\/\/frostx.com\/lv\/produkts\/ella\/"]}]},{"@type":"ImageObject","inLanguage":"lv-LV","@id":"https:\/\/frostx.com\/lv\/produkts\/ella\/#primaryimage","url":"https:\/\/frostx.com\/wp-content\/uploads\/2021\/12\/DSC_3799-scaled-1.jpg","contentUrl":"https:\/\/frostx.com\/wp-content\/uploads\/2021\/12\/DSC_3799-scaled-1.jpg","width":2560,"height":2560},{"@type":"BreadcrumbList","@id":"https:\/\/frostx.com\/lv\/produkts\/ella\/#breadcrumb","itemListElement":[{"@type":"ListItem","position":1,"name":"Strona g\u0142\u00f3wna","item":"https:\/\/www.frostx.com\/lv\/"},{"@type":"ListItem","position":2,"name":"Veikals","item":"https:\/\/frostx.com\/lv\/veikals\/"},{"@type":"ListItem","position":3,"name":"E\u013c\u013ca"}]},{"@type":"WebSite","@id":"https:\/\/www.frostx.com\/es\/#website","url":"https:\/\/www.frostx.com\/es\/","name":"FrostX","description":"","publisher":{"@id":"https:\/\/www.frostx.com\/es\/#organization"},"potentialAction":[{"@type":"SearchAction","target":{"@type":"EntryPoint","urlTemplate":"https:\/\/www.frostx.com\/es\/?s={search_term_string}"},"query-input":{"@type":"PropertyValueSpecification","valueRequired":true,"valueName":"search_term_string"}}],"inLanguage":"lv-LV"},{"@type":"Organization","@id":"https:\/\/www.frostx.com\/es\/#organization","name":"FrostX","url":"https:\/\/www.frostx.com\/es\/","logo":{"@type":"ImageObject","inLanguage":"lv-LV","@id":"https:\/\/www.frostx.com\/es\/#\/schema\/logo\/image\/","url":"https:\/\/frostx.com\/wp-content\/uploads\/2022\/02\/logo.349e34c-1-1-3.svg","contentUrl":"https:\/\/frostx.com\/wp-content\/uploads\/2022\/02\/logo.349e34c-1-1-3.svg","width":110,"height":140,"caption":"FrostX"},"image":{"@id":"https:\/\/www.frostx.com\/es\/#\/schema\/logo\/image\/"}}]}},"_links":{"self":[{"href":"https:\/\/frostx.com\/lv\/wp-json\/wp\/v2\/product\/2334","targetHints":{"allow":["GET"]}}],"collection":[{"href":"https:\/\/frostx.com\/lv\/wp-json\/wp\/v2\/product"}],"about":[{"href":"https:\/\/frostx.com\/lv\/wp-json\/wp\/v2\/types\/product"}],"wp:featuredmedia":[{"embeddable":true,"href":"https:\/\/frostx.com\/lv\/wp-json\/wp\/v2\/media\/2335"}],"wp:attachment":[{"href":"https:\/\/frostx.com\/lv\/wp-json\/wp\/v2\/media?parent=2334"}],"wp:term":[{"taxonomy":"product_brand","embeddable":true,"href":"https:\/\/frostx.com\/lv\/wp-json\/wp\/v2\/product_brand?post=2334"},{"taxonomy":"product_cat","embeddable":true,"href":"https:\/\/frostx.com\/lv\/wp-json\/wp\/v2\/product_cat?post=2334"},{"taxonomy":"product_tag","embeddable":true,"href":"https:\/\/frostx.com\/lv\/wp-json\/wp\/v2\/product_tag?post=2334"}],"curies":[{"name":"wp","href":"https:\/\/api.w.org\/{rel}","templated":true}]}}